{"id":71,"date":"2017-05-15T10:35:43","date_gmt":"2017-05-15T10:35:43","guid":{"rendered":"https:\/\/www.seguros-generales.es\/noticias\/?page_id=71"},"modified":"2017-05-15T10:35:43","modified_gmt":"2017-05-15T10:35:43","slug":"nota-legal","status":"publish","type":"page","link":"https:\/\/www.seguros-generales.es\/noticias\/nota-legal\/","title":{"rendered":"Nota Legal"},"content":{"rendered":"<p><strong>Nota Legal de https:\/\/www.seguros-generales.es\/noticias<br \/>\n<\/strong><\/p>\n<p>Este Web Site sirve de blog de nocicias en el cual se publican noticias relativas al mundo del seguro de forma objetiva e imparcial.<\/p>\n<p>Este portal forma parte del Grupo Seguros Generales y a su vez se ofrecen servicios de seguros ofrecidos por el Grupo Seguros Generales (www.seguros-generales.es)<\/p>\n<p>https:\/\/www.seguros-generales.es\/noticias\u00a0propiedad de don E.R.R., con NIF 45569552C, con domicilio en C\/ Ram\u00f3n Gallud 110 4\u00baA, CP 03182 de Torrevieja (Alicante) y sirve como portal de concentraci\u00f3n de clientes e interesados en seguros, donde se ofrece un servicio de opini\u00f3n publica a la par que un servicio de comparaci\u00f3n de seguros.<\/p>\n<p><strong>Nota Legal del Grupo Seguros Generales<\/strong><\/p>\n<p>El Grupo Seguros Generales propiedad de don E.R.R., con NIF 45569552C, con domicilio en C\/ Ram\u00f3n Gallud 110 4\u00baA, CP 03182 de Torrevieja (Alicante), act\u00faa como colaborador externo de Proyectos y Seguros Corredur\u00eda de Seguros S.A. (\u201cla corredur\u00eda\u201d) en virtud del art. 8 de la Ley 26\/2006 de 17 de julio, de mediaci\u00f3n de seguros y reaseguros privados. Este servicio se puede prestar mediante una de las siguientes v\u00edas:<\/p>\n<p>\u2022 Un comparador de seguros, en \u201ccondiciones particulares del servicio\u201d se le informar\u00e1 de toda la normativa aplicable a este servicio.<\/p>\n<p>\u2022 Mediante un formulario de petici\u00f3n de datos, donde encontrar\u00e1 la correspondiente cl\u00e1usula de informaci\u00f3n y de recogida del consentimiento que ser\u00e1 imprescindible aceptar para que se produzca el env\u00edo de la informaci\u00f3n a la Corredur\u00eda.<\/p>\n<p>La Corredur\u00eda tiene su domicilio social en C\/ Badajoz, 35 M\u00f3stoles -28931 Madrid, est\u00e1 inscrita en el Registro Mercantil de Madrid, Tomo 333, Folio 66, Inscripci\u00f3n 1\u00aa, Hoja 64257\/ CIF. A78097177; y en el Registro de la Direcci\u00f3n General de Seguros y Fondo de Pensiones con clave de inscripci\u00f3n J0067 y concertado Seguro de Responsabilidad Civil, seg\u00fan Ley 26\/2006 de 17 de Julio.<\/p>\n<p>De acuerdo con la legislaci\u00f3n vigente, esta Corredur\u00eda dispone de un Servicio externo de Atenci\u00f3n al Cliente, que resolver\u00e1 sus quejas y reclamaciones en el plazo de dos meses a contar desde el d\u00eda de su presentaci\u00f3n &#8211; Vigo (Pontevedra)). Tel: 986 485 228 Fax: 986 485 653 E-mail: atencioncliente@inade.org Web: www.inade.org<\/p>\n<p><strong>Nota Legal de www.segurosyaseguradoras.com y del Grupo Seguros Generales<\/strong><\/p>\n<p>La utilizaci\u00f3n de cualquiera de los servicios ofrecidos en el Portal, atribuye, desde su comienzo, la condici\u00f3n de Usuario y ser\u00e1 considerada aceptaci\u00f3n expresa, voluntaria y sin reservas de estas condiciones legales.<\/p>\n<p>Para el acceso a los servicios de este Portal, en todo lo que no tenga car\u00e1cter meramente informativo, el Usuario debe ser mayor de edad y disponer de la capacidad legal y representaci\u00f3n necesaria para realizar las correspondientes transacciones. La utilizaci\u00f3n de los servicios ofrecidos en el Portal implica que el Usuario declara cumplir estos requisitos.<\/p>\n<p>El Usuario que accede al Portal debe cumplir estas condiciones legales y las especiales instrucciones de uso que se le muestren en cada momento. As\u00ed mismo, se compromete a obrar siempre conforme a la ley y de buena fe, empleando la diligencia adecuada a la naturaleza del servicio del que disfruta. As\u00ed, el Usuario no podr\u00e1 efectuar modificaci\u00f3n ni alteraci\u00f3n alguna de los contenidos del Portal, a excepci\u00f3n de los datos que el propio Usuario haya introducido, ni perjudicar\u00e1 de forma alguna su integridad o funcionamiento.<\/p>\n<p>El acceso al Portal es gratuito y libre. Sin embargo, para el uso de algunos de los servicios ofrecidos en el Portal es necesario que los Usuarios faciliten datos de car\u00e1cter personal. Dichos datos quedar\u00e1n sometidos a la pol\u00edtica de protecci\u00f3n de datos contemplada en estas condiciones legales.<\/p>\n<p>El Cliente ser\u00e1 el \u00fanico responsable de las consecuencias que se pudieran derivar del uso de la informaci\u00f3n obtenida de la web site, as\u00ed como de la salvaguardia, debiendo tomar las medidas de seguridad apropiadas para la protecci\u00f3n contra el acceso o difusi\u00f3n no autorizados.<\/p>\n<p>El Portal posibilita a los Usuarios la introducci\u00f3n de datos con el fin de obtener informaci\u00f3n adicional.<\/p>\n<p>El Portal podr\u00e1 suprimir o suspender el acceso al Sitio Web del Usuario que haya incumplido cualquiera de las obligaciones expresadas en estas condiciones legales. El Usuario que incumpla intencional o culpablemente cualquiera de las precedentes condiciones responder\u00e1 de todos los da\u00f1os y perjuicios que, como consecuencia, cause al Portal o a un tercero.<\/p>\n<p>El Portal se reserva el derecho de realizar modificaciones en el Portal, as\u00ed como en estas condiciones legales.<\/p>\n<p>El Portal no asumir\u00e1 ninguna responsabilidad de ning\u00fan tipo:<\/p>\n<p>a) Por la imposibilidad temporal de acceso al Portal en un momento determinado, o a la informaci\u00f3n sobre un producto concreto.<\/p>\n<p>b) Por la exactitud o actualidad de los contenidos, informaciones y ofertas de productos y servicios suministrados.<\/p>\n<p>En el Portal existen informaciones simplificadas, o bien redactadas con el \u00e1nimo de hacer m\u00e1s f\u00e1cil su comprensi\u00f3n por el Usuario medio. No ser\u00e1 responsabilidad del Portal los da\u00f1os originados como consecuencia de hechos fortuitos o imprevisibles, ni por aquellos que sean consecuencia del comportamiento negligente del Usuario.<\/p>\n<p>El Portal s\u00f3lo ofrece sus servicios en el territorio Espa\u00f1ol.<\/p>\n<p>En cumplimiento de lo establecido en la Ley Org\u00e1nica 15\/1999, de 13 de diciembre, de Protecci\u00f3n de Datos de Car\u00e1cter Personal, le informamos que los datos que nos facilite mediante los formularios presentes en la web site, se incorporaran a un fichero de datos y podr\u00e1n ser cedidos a terceros con el objetivo de con el objetivo de ofrecer con mayor eficacia los servicios requeridos por el usuario. Los datos personales recabados por el Portal gozar\u00e1n de la protecci\u00f3n adecuada conforme a lo establecido en el Real Decreto 994\/1999, de 11 de junio, por el que se aprueba el Reglamento de Medidas de Seguridad que desarrolla el art\u00edculo 9 de la LOPD. don E.R.R. con NIF 45569552C, con domicilio en C\/ Ram\u00f3n Gallud 110 4\u00baA, CP 03182 de Torrevieja (Alicante), como titular del fichero y de los dominios www.segurosyaseguradoras.com y www.seguros-generales.es, garantizando el ejercicio de los derechos de acceso, rectificaci\u00f3n, oposici\u00f3n y cancelaci\u00f3n de los datos aportados. Para ello el usuario, podr\u00e1 ponerse en contacto con nosotros mediante los distintos medios de comunicaci\u00f3n indicados en el portal: (formulario de contacto), (tel\u00e9fono fijo: 912 916 100) o (tel\u00e9fono m\u00f3vil: 644 325 160)<\/p>\n<p>Todos los contenidos, marcas, dise\u00f1os, logos, iconos, botones, software, nombres comerciales, nombres de dominio, y cualesquiera otros signos o elementos susceptibles de protecci\u00f3n por derechos de propiedad intelectual e industrial que formen parte del web site son propiedad del Portal o de terceros que han autorizado debidamente su inclusi\u00f3n en nuestro Portal y que figuran como autores o titulares de los derechos. Las violaciones de cualquiera de los derechos de propiedad intelectual o industrial a los que se refiere este apartado ser\u00e1n perseguidas mediante las acciones penales y civiles contempladas en la legislaci\u00f3n vigente.<\/p>\n<p>Para la resoluci\u00f3n de cualquier controversia judicial derivada de la interpretaci\u00f3n y\/o cumplimiento del contrato, las partes, con renuncia a cualquier otro fuero que pudiera corresponderles, se someten a los Juzgados y Tribunales de Torrevieja, renunciando expresamente el demandante a su fuero sea cual fuere.<\/p>\n","protected":false},"excerpt":{"rendered":"<p>Nota Legal de https:\/\/www.seguros-generales.es\/noticias Este Web Site sirve de blog de nocicias en el cual se publican noticias relativas al mundo del seguro de forma objetiva e imparcial. Este portal forma parte del Grupo Seguros Generales y a su vez se ofrecen servicios de seguros ofrecidos por el Grupo Seguros Generales (www.seguros-generales.es) https:\/\/www.seguros-generales.es\/noticias\u00a0propiedad de don [&hellip;]<\/p>\n","protected":false},"author":1,"featured_media":0,"parent":0,"menu_order":0,"comment_status":"closed","ping_status":"closed","template":"","meta":{"_et_pb_use_builder":"","_et_pb_old_content":"","_et_gb_content_width":"","footnotes":""},"class_list":["post-71","page","type-page","status-publish","hentry"],"_links":{"self":[{"href":"https:\/\/www.seguros-generales.es\/noticias\/wp-json\/wp\/v2\/pages\/71","targetHints":{"allow":["GET"]}}],"collection":[{"href":"https:\/\/www.seguros-generales.es\/noticias\/wp-json\/wp\/v2\/pages"}],"about":[{"href":"https:\/\/www.seguros-generales.es\/noticias\/wp-json\/wp\/v2\/types\/page"}],"author":[{"embeddable":true,"href":"https:\/\/www.seguros-generales.es\/noticias\/wp-json\/wp\/v2\/users\/1"}],"replies":[{"embeddable":true,"href":"https:\/\/www.seguros-generales.es\/noticias\/wp-json\/wp\/v2\/comments?post=71"}],"version-history":[{"count":0,"href":"https:\/\/www.seguros-generales.es\/noticias\/wp-json\/wp\/v2\/pages\/71\/revisions"}],"wp:attachment":[{"href":"https:\/\/www.seguros-generales.es\/noticias\/wp-json\/wp\/v2\/media?parent=71"}],"curies":[{"name":"wp","href":"https:\/\/api.w.org\/{rel}","templated":true}]}}