{"id":92,"date":"2017-05-16T12:11:26","date_gmt":"2017-05-16T10:11:26","guid":{"rendered":"https:\/\/www.seguros-generales.es\/noticias\/?page_id=92"},"modified":"2023-09-07T02:16:51","modified_gmt":"2023-09-07T00:16:51","slug":"planes-de-pensiones","status":"publish","type":"page","link":"https:\/\/www.seguros-generales.es\/noticias\/comparadores\/planes-de-pensiones\/","title":{"rendered":"Planes de Pensiones"},"content":{"rendered":"<p><a href=\"https:\/\/www.seguros-generales.es\/comparador-seguros-planes-pensiones.html\" target=\"_blank\" rel=\"noopener noreferrer\"><img loading=\"lazy\" decoding=\"async\" class=\"wp-image-4281 alignright\" title=\"Planes de Pensiones\" src=\"https:\/\/www.segurosyaseguradoras.com\/wp-content\/uploads\/2017\/02\/seguros-planes-pensiones.jpg\" alt=\"Planes de Pensiones\" width=\"250\" height=\"165\" \/><\/a><\/p>\n<h1>Comparador de seguros de planes de pensiones<\/h1>\n<p>Formulario de solicitud de seguros de planes de pensiones cedido por <a title=\"www.seguros-generales.es\" href=\"https:\/\/planes-de-pensiones.seguros-generales.es\/\" target=\"_blank\" rel=\"noopener noreferrer\">www.Seguros-Generales.es<\/a> si desea comparar telef\u00f3nicamente los seguros de planes de pensiones m\u00e1s rentables puede llamar al 91 756 71 08 de lunes a viernes de 9:00 a 22:00 y s\u00e1bados de 9:00 a 15:00<\/p>\n<style>\n.embed-container {<br \/>    position: relative;<br \/>    padding-bottom: 540px;<\/p>\n<p>}<br \/>.embed-container iframe {<br \/>    position: absolute;<br \/>    width: 100%;<br \/>}<br \/><\/style>\n<div class=\"embed-container\"><iframe loading=\"lazy\" src=\"https:\/\/www.segurosgenerales.es\/iframe2-planes-pensiones.php\" width=\"100%\" height=\"100%\"><\/iframe><\/div>\n","protected":false},"excerpt":{"rendered":"<p>Comparador de seguros de planes de pensiones Formulario de solicitud de seguros de planes de pensiones cedido por www.Seguros-Generales.es si desea comparar telef\u00f3nicamente los seguros de planes de pensiones m\u00e1s rentables puede llamar al 91 756 71 08 de lunes a viernes de 9:00 a 22:00 y s\u00e1bados de 9:00 a 15:00<\/p>\n","protected":false},"author":1,"featured_media":2388,"parent":86,"menu_order":0,"comment_status":"closed","ping_status":"closed","template":"","meta":{"_et_pb_use_builder":"","_et_pb_old_content":"","_et_gb_content_width":"","footnotes":""},"class_list":["post-92","page","type-page","status-publish","has-post-thumbnail","hentry"],"_links":{"self":[{"href":"https:\/\/www.seguros-generales.es\/noticias\/wp-json\/wp\/v2\/pages\/92","targetHints":{"allow":["GET"]}}],"collection":[{"href":"https:\/\/www.seguros-generales.es\/noticias\/wp-json\/wp\/v2\/pages"}],"about":[{"href":"https:\/\/www.seguros-generales.es\/noticias\/wp-json\/wp\/v2\/types\/page"}],"author":[{"embeddable":true,"href":"https:\/\/www.seguros-generales.es\/noticias\/wp-json\/wp\/v2\/users\/1"}],"replies":[{"embeddable":true,"href":"https:\/\/www.seguros-generales.es\/noticias\/wp-json\/wp\/v2\/comments?post=92"}],"version-history":[{"count":1,"href":"https:\/\/www.seguros-generales.es\/noticias\/wp-json\/wp\/v2\/pages\/92\/revisions"}],"predecessor-version":[{"id":2391,"href":"https:\/\/www.seguros-generales.es\/noticias\/wp-json\/wp\/v2\/pages\/92\/revisions\/2391"}],"up":[{"embeddable":true,"href":"https:\/\/www.seguros-generales.es\/noticias\/wp-json\/wp\/v2\/pages\/86"}],"wp:featuredmedia":[{"embeddable":true,"href":"https:\/\/www.seguros-generales.es\/noticias\/wp-json\/wp\/v2\/media\/2388"}],"wp:attachment":[{"href":"https:\/\/www.seguros-generales.es\/noticias\/wp-json\/wp\/v2\/media?parent=92"}],"curies":[{"name":"wp","href":"https:\/\/api.w.org\/{rel}","templated":true}]}}