{"id":98,"date":"2017-05-16T12:15:23","date_gmt":"2017-05-16T10:15:23","guid":{"rendered":"https:\/\/www.seguros-generales.es\/noticias\/?page_id=98"},"modified":"2023-09-07T02:24:32","modified_gmt":"2023-09-07T00:24:32","slug":"seguros-alquiler-viviendas","status":"publish","type":"page","link":"https:\/\/www.seguros-generales.es\/noticias\/comparadores\/seguros-alquiler-viviendas\/","title":{"rendered":"Seguros de Alquiler de Viviendas"},"content":{"rendered":"<p><a href=\"https:\/\/www.seguros-generales.es\/comparador-seguros-alquiler-viviendas.html\" target=\"_blank\" rel=\"noopener\"><img loading=\"lazy\" decoding=\"async\" class=\"alignright wp-image-4317\" title=\"Seguros de Alquiler Viviendas\" src=\"https:\/\/www.segurosyaseguradoras.com\/wp-content\/uploads\/2017\/02\/seguros-alquiler-viviendas.jpg\" alt=\"Seguros de Alquiler Viviendas\" width=\"250\" height=\"165\" \/><\/a><\/p>\n<h1>Comparador de seguros para alquiler de viviendas<\/h1>\n<p>Formulario de solicitud de seguros de alquiler de viviendas cedido por <a title=\"www.seguros-generales.es\" href=\"https:\/\/seguros-de-alquiler-de-viviendas.seguros-generales.es\/\" target=\"_blank\" rel=\"noopener\">www.Seguros-Generales.es<\/a> si desea comparar telef\u00f3nicamente los seguros de alquiler de viviendas m\u00e1s baratos puede llamar al 91 756 71 08 de lunes a viernes de 9:00 a 22:00 y s\u00e1bados de 9:00 a 15:00<\/p>\n<p>&nbsp;<\/p>\n<p><script src=\"https:\/\/widget.proyectosyseguros.com:9080\/widget\/widgetpys\/SEGUROSGENERALES\/?api-key=PYSW-bCB4EubraP9LhDuzT7uruUH8&#038;qs=&#038;filtro=IMPAGO-ALQUILER\" type=\"text\/javascript\"><\/script><\/p>\n<div id=\"pys-widget\"><\/div>\n","protected":false},"excerpt":{"rendered":"<p>Comparador de seguros para alquiler de viviendas Formulario de solicitud de seguros de alquiler de viviendas cedido por www.Seguros-Generales.es si desea comparar telef\u00f3nicamente los seguros de alquiler de viviendas m\u00e1s baratos puede llamar al 91 756 71 08 de lunes a viernes de 9:00 a 22:00 y s\u00e1bados de 9:00 a 15:00 &nbsp;<\/p>\n","protected":false},"author":1,"featured_media":2394,"parent":86,"menu_order":0,"comment_status":"closed","ping_status":"closed","template":"","meta":{"_et_pb_use_builder":"","_et_pb_old_content":"","_et_gb_content_width":"","footnotes":""},"class_list":["post-98","page","type-page","status-publish","has-post-thumbnail","hentry"],"_links":{"self":[{"href":"https:\/\/www.seguros-generales.es\/noticias\/wp-json\/wp\/v2\/pages\/98","targetHints":{"allow":["GET"]}}],"collection":[{"href":"https:\/\/www.seguros-generales.es\/noticias\/wp-json\/wp\/v2\/pages"}],"about":[{"href":"https:\/\/www.seguros-generales.es\/noticias\/wp-json\/wp\/v2\/types\/page"}],"author":[{"embeddable":true,"href":"https:\/\/www.seguros-generales.es\/noticias\/wp-json\/wp\/v2\/users\/1"}],"replies":[{"embeddable":true,"href":"https:\/\/www.seguros-generales.es\/noticias\/wp-json\/wp\/v2\/comments?post=98"}],"version-history":[{"count":1,"href":"https:\/\/www.seguros-generales.es\/noticias\/wp-json\/wp\/v2\/pages\/98\/revisions"}],"predecessor-version":[{"id":2395,"href":"https:\/\/www.seguros-generales.es\/noticias\/wp-json\/wp\/v2\/pages\/98\/revisions\/2395"}],"up":[{"embeddable":true,"href":"https:\/\/www.seguros-generales.es\/noticias\/wp-json\/wp\/v2\/pages\/86"}],"wp:featuredmedia":[{"embeddable":true,"href":"https:\/\/www.seguros-generales.es\/noticias\/wp-json\/wp\/v2\/media\/2394"}],"wp:attachment":[{"href":"https:\/\/www.seguros-generales.es\/noticias\/wp-json\/wp\/v2\/media?parent=98"}],"curies":[{"name":"wp","href":"https:\/\/api.w.org\/{rel}","templated":true}]}}